{"id":22191,"date":"2021-11-15T20:43:11","date_gmt":"2021-11-15T19:43:11","guid":{"rendered":"https:\/\/www.maramadesign.com\/el-taller\/materiales-y-cuidados\/"},"modified":"2022-01-07T21:05:00","modified_gmt":"2022-01-07T20:05:00","slug":"materials-i-cures","status":"publish","type":"page","link":"https:\/\/www.maramadesign.com\/ca\/el-taller\/materials-i-cures\/","title":{"rendered":"Materials i cures"},"content":{"rendered":"<p><div class=\"fusion-fullwidth fullwidth-box fusion-builder-row-1 fusion-flex-container fusion-parallax-none nonhundred-percent-fullwidth non-hundred-percent-height-scrolling lazyload\" style=\"--awb-background-position:center bottom;--awb-border-sizes-top:0px;--awb-border-sizes-bottom:0px;--awb-border-sizes-left:0px;--awb-border-sizes-right:0px;--awb-border-radius-top-left:0px;--awb-border-radius-top-right:0px;--awb-border-radius-bottom-right:0px;--awb-border-radius-bottom-left:0px;--awb-padding-top:110px;--awb-padding-bottom:105px;--awb-margin-top:-50px;--awb-margin-bottom:0px;--awb-background-size:cover;--awb-flex-wrap:wrap;\" data-bg=\"https:\/\/www.maramadesign.com\/WP\/wp-content\/uploads\/2021\/12\/capcalera-VIDA-1.jpg\" ><div class=\"fusion-builder-row fusion-row fusion-flex-align-items-flex-start fusion-flex-content-wrap\" style=\"max-width:1248px;margin-left: calc(-4% \/ 2 );margin-right: calc(-4% \/ 2 );\"><div class=\"fusion-layout-column fusion_builder_column fusion-builder-column-0 fusion_builder_column_1_1 1_1 fusion-flex-column fusion-flex-align-self-flex-start fusion-column-no-min-height\" style=\"--awb-bg-size:cover;--awb-width-large:100%;--awb-margin-top-large:0px;--awb-spacing-right-large:1.92%;--awb-margin-bottom-large:0px;--awb-spacing-left-large:1.92%;--awb-width-medium:100%;--awb-spacing-right-medium:1.92%;--awb-spacing-left-medium:1.92%;--awb-width-small:100%;--awb-spacing-right-small:1.92%;--awb-spacing-left-small:1.92%;\"><div class=\"fusion-column-wrapper fusion-flex-justify-content-flex-start fusion-content-layout-column\"><div class=\"fusion-title title fusion-title-1 fusion-title-center fusion-title-text fusion-title-size-one\" style=\"--awb-text-color:#ffffff;--awb-margin-bottom:10px;--awb-font-size:52px;\"><div class=\"title-sep-container title-sep-container-left\"><div class=\"title-sep sep- sep-solid\" style=\"border-color:#e0dede;\"><\/div><\/div><span class=\"awb-title-spacer\"><\/span><h1 class=\"fusion-title-heading title-heading-center fusion-responsive-typography-calculated\" style=\"margin:0;font-size:1em;--fontSize:52;line-height:1.23;text-shadow:7px 7px 5px rgba(0,0,0,0.5);\"><strong>Materials i cures<\/strong><\/h1><span class=\"awb-title-spacer\"><\/span><div class=\"title-sep-container title-sep-container-right\"><div class=\"title-sep sep- sep-solid\" style=\"border-color:#e0dede;\"><\/div><\/div><\/div><div class=\"fusion-text fusion-text-1\" style=\"--awb-content-alignment:center;--awb-font-size:24px;--awb-line-height:30px;--awb-text-transform:none;--awb-text-color:#000000;--awb-text-font-family:&quot;Josefin Sans&quot;;--awb-text-font-style:normal;--awb-text-font-weight:500;\"><p>La cura \u00e9s molt important per a la durabilitat de les joies<\/p>\n<\/div><\/div><\/div><\/div><\/div><div class=\"fusion-fullwidth fullwidth-box fusion-builder-row-2 fusion-flex-container nonhundred-percent-fullwidth non-hundred-percent-height-scrolling\" style=\"--awb-border-radius-top-left:0px;--awb-border-radius-top-right:0px;--awb-border-radius-bottom-right:0px;--awb-border-radius-bottom-left:0px;--awb-padding-right:10%;--awb-padding-left:10%;--awb-margin-top:-20px;--awb-flex-wrap:wrap;\" ><div class=\"fusion-builder-row fusion-row fusion-flex-align-items-flex-start fusion-flex-content-wrap\" style=\"max-width:1248px;margin-left: calc(-4% \/ 2 );margin-right: calc(-4% \/ 2 );\"><div class=\"fusion-layout-column fusion_builder_column fusion-builder-column-1 fusion_builder_column_3_4 3_4 fusion-flex-column\" style=\"--awb-bg-size:cover;--awb-width-large:75%;--awb-margin-top-large:0px;--awb-spacing-right-large:3.84%;--awb-margin-bottom-large:0px;--awb-spacing-left-large:2.56%;--awb-width-medium:100%;--awb-order-medium:0;--awb-spacing-right-medium:1.92%;--awb-spacing-left-medium:1.92%;--awb-width-small:100%;--awb-order-small:0;--awb-spacing-right-small:1.92%;--awb-spacing-left-small:1.92%;\"><div class=\"fusion-column-wrapper fusion-column-has-shadow fusion-flex-justify-content-flex-start fusion-content-layout-column\"><div class=\"fusion-text fusion-text-2 fusion-text-no-margin\" style=\"--awb-text-transform:none;--awb-margin-top:0px;--awb-margin-bottom:0px;\"><p>Utilitzo diversos materials, sobretot banys plata i or mat, per\u00f2 tamb\u00e9 plata 925 i or de 18kt, acompanyats de minerals naturals com a \u00e0gata vermella i negra, aventurina verda, sodalita, amazonita o quars. I en alguns casos puntuals, pell i cot\u00f3 encerat. Les cadenetes estan banyades en or i plata sense coure, sense n\u00edquel i s\u00f3n hipoalerg\u00e8niques.<\/p>\n<\/div><\/div><\/div><div class=\"fusion-layout-column fusion_builder_column fusion-builder-column-2 fusion_builder_column_1_4 1_4 fusion-flex-column fusion-flex-align-self-flex-start\" style=\"--awb-bg-size:cover;--awb-width-large:25%;--awb-margin-top-large:0px;--awb-spacing-right-large:7.68%;--awb-margin-bottom-large:0px;--awb-spacing-left-large:7.68%;--awb-width-medium:100%;--awb-order-medium:0;--awb-spacing-right-medium:1.92%;--awb-spacing-left-medium:1.92%;--awb-width-small:100%;--awb-order-small:0;--awb-spacing-right-small:1.92%;--awb-spacing-left-small:1.92%;\"><div class=\"fusion-column-wrapper fusion-column-has-shadow fusion-flex-justify-content-flex-start fusion-content-layout-column\"><div class=\"fusion-image-element \" style=\"--awb-margin-top:0px;--awb-margin-bottom:0px;--awb-caption-title-font-family:var(--h2_typography-font-family);--awb-caption-title-font-weight:var(--h2_typography-font-weight);--awb-caption-title-font-style:var(--h2_typography-font-style);--awb-caption-title-size:var(--h2_typography-font-size);--awb-caption-title-transform:var(--h2_typography-text-transform);--awb-caption-title-line-height:var(--h2_typography-line-height);--awb-caption-title-letter-spacing:var(--h2_typography-letter-spacing);\"><span class=\" fusion-imageframe imageframe-dropshadow imageframe-1 hover-type-none\" style=\"border:12px solid #ffffff;border-radius:4px;-webkit-box-shadow: 3px 3px 7px rgba(0,0,0,0.3);box-shadow: 3px 3px 7px rgba(0,0,0,0.3);\"><a href=\"https:\/\/www.maramadesign.com\/WP\/wp-content\/uploads\/2021\/11\/mar-al-taller-e1637407957894-scaled.jpg\" class=\"fusion-lightbox\" data-rel=\"iLightbox[lightbox]\" data-caption=\"Mar al seu taller\" data-title=\"mar-al-taller\" title=\"mar-al-taller\"><img decoding=\"async\" width=\"589\" height=\"900\" alt=\"Mar al seu taller\" src=\"data:image\/svg+xml,%3Csvg%20xmlns%3D%27http%3A%2F%2Fwww.w3.org%2F2000%2Fsvg%27%20width%3D%27589%27%20height%3D%27900%27%20viewBox%3D%270%200%20589%20900%27%3E%3Crect%20width%3D%27589%27%20height%3D%27900%27%20fill-opacity%3D%220%22%2F%3E%3C%2Fsvg%3E\" data-orig-src=\"https:\/\/www.maramadesign.com\/WP\/wp-content\/uploads\/2021\/11\/mar-al-taller-e1637407957894-scaled.jpg\" class=\"lazyload img-responsive wp-image-20764\"\/><\/a><\/span><\/div><\/div><\/div><\/div><\/div><div class=\"fusion-fullwidth fullwidth-box fusion-builder-row-3 fusion-flex-container nonhundred-percent-fullwidth non-hundred-percent-height-scrolling\" style=\"--awb-border-sizes-top:2px;--awb-border-color:#c9c6b6;--awb-border-radius-top-left:0px;--awb-border-radius-top-right:0px;--awb-border-radius-bottom-right:0px;--awb-border-radius-bottom-left:0px;--awb-padding-top:50px;--awb-padding-right:10%;--awb-padding-bottom:0px;--awb-padding-left:10%;--awb-margin-top:40px;--awb-margin-bottom:0px;--awb-flex-wrap:wrap;\" ><div class=\"fusion-builder-row fusion-row fusion-flex-align-items-flex-start fusion-flex-content-wrap\" style=\"max-width:1248px;margin-left: calc(-4% \/ 2 );margin-right: calc(-4% \/ 2 );\"><div class=\"fusion-layout-column fusion_builder_column fusion-builder-column-3 fusion_builder_column_1_4 1_4 fusion-flex-column fusion-flex-align-self-flex-start\" style=\"--awb-bg-size:cover;--awb-width-large:25%;--awb-margin-top-large:0px;--awb-spacing-right-large:7.68%;--awb-margin-bottom-large:0px;--awb-spacing-left-large:7.68%;--awb-width-medium:100%;--awb-order-medium:0;--awb-spacing-right-medium:1.92%;--awb-spacing-left-medium:1.92%;--awb-width-small:100%;--awb-order-small:0;--awb-spacing-right-small:1.92%;--awb-spacing-left-small:1.92%;\"><div class=\"fusion-column-wrapper fusion-column-has-shadow fusion-flex-justify-content-flex-start fusion-content-layout-column\"><div class=\"fusion-image-element \" style=\"--awb-margin-top:0px;--awb-margin-bottom:0px;--awb-caption-title-font-family:var(--h2_typography-font-family);--awb-caption-title-font-weight:var(--h2_typography-font-weight);--awb-caption-title-font-style:var(--h2_typography-font-style);--awb-caption-title-size:var(--h2_typography-font-size);--awb-caption-title-transform:var(--h2_typography-text-transform);--awb-caption-title-line-height:var(--h2_typography-line-height);--awb-caption-title-letter-spacing:var(--h2_typography-letter-spacing);\"><span class=\" fusion-imageframe imageframe-dropshadow imageframe-2 hover-type-none\" style=\"border:12px solid #ffffff;border-radius:4px;-webkit-box-shadow: 3px 3px 7px rgba(0,0,0,0.3);box-shadow: 3px 3px 7px rgba(0,0,0,0.3);\"><a href=\"https:\/\/www.maramadesign.com\/WP\/wp-content\/uploads\/2021\/12\/foto02.jpg\" class=\"fusion-lightbox\" data-rel=\"iLightbox[lightbox]\" data-title=\"foto02\" title=\"foto02\"><img decoding=\"async\" width=\"917\" height=\"1002\" src=\"https:\/\/www.maramadesign.com\/WP\/wp-content\/uploads\/2021\/12\/foto02.jpg\" data-orig-src=\"https:\/\/www.maramadesign.com\/WP\/wp-content\/uploads\/2021\/12\/foto02.jpg\" alt class=\"lazyload img-responsive wp-image-21994\" srcset=\"data:image\/svg+xml,%3Csvg%20xmlns%3D%27http%3A%2F%2Fwww.w3.org%2F2000%2Fsvg%27%20width%3D%27917%27%20height%3D%271002%27%20viewBox%3D%270%200%20917%201002%27%3E%3Crect%20width%3D%27917%27%20height%3D%271002%27%20fill-opacity%3D%220%22%2F%3E%3C%2Fsvg%3E\" data-srcset=\"https:\/\/www.maramadesign.com\/WP\/wp-content\/uploads\/2021\/12\/foto02-200x219.jpg 200w, https:\/\/www.maramadesign.com\/WP\/wp-content\/uploads\/2021\/12\/foto02-400x437.jpg 400w, https:\/\/www.maramadesign.com\/WP\/wp-content\/uploads\/2021\/12\/foto02-600x656.jpg 600w, https:\/\/www.maramadesign.com\/WP\/wp-content\/uploads\/2021\/12\/foto02-800x874.jpg 800w, https:\/\/www.maramadesign.com\/WP\/wp-content\/uploads\/2021\/12\/foto02.jpg 917w\" data-sizes=\"auto\" data-orig-sizes=\"(max-width: 900px) 100vw, (max-width: 900px) 100vw, 400px\" \/><\/a><\/span><\/div><\/div><\/div><div class=\"fusion-layout-column fusion_builder_column fusion-builder-column-4 fusion_builder_column_3_4 3_4 fusion-flex-column\" style=\"--awb-bg-size:cover;--awb-border-color:#719697;--awb-border-style:solid;--awb-width-large:75%;--awb-margin-top-large:0px;--awb-spacing-right-large:3.84%;--awb-margin-bottom-large:0px;--awb-spacing-left-large:2.56%;--awb-width-medium:100%;--awb-order-medium:0;--awb-spacing-right-medium:1.92%;--awb-spacing-left-medium:1.92%;--awb-width-small:100%;--awb-order-small:0;--awb-spacing-right-small:1.92%;--awb-spacing-left-small:1.92%;\"><div class=\"fusion-column-wrapper fusion-column-has-shadow fusion-flex-justify-content-flex-start fusion-content-layout-column\"><div class=\"fusion-text fusion-text-3 fusion-text-no-margin\" style=\"--awb-text-transform:none;--awb-margin-top:-50px;--awb-margin-bottom:0px;\"><h4>CURA B\u00c0SICA DE LES TEVES JOIES<\/h4>\n<ul>\n<li>El pH de la nostra pell o la nostra suor pot afectar els banys o xapats.<\/li>\n<li>La cura \u00e9s molt important per a la durabilitat de les joies. Intenta no banyar-t&#8217;hi. Si ho fas, asseca-les r\u00e0pidament.<\/li>\n<li>Mantingues-les en un lloc sec sense humitat. Si pots, tancades en una caixa oa la mateixa bosseta que jo t&#8217;envio.<\/li>\n<li>Si les has de netejar, fes servir un drap de cot\u00f3 i frega suaument.<\/li>\n<li>Les joies de plata \u00e9s recomanable netejar-les amb un producte espec\u00edfic.<\/li>\n<\/ul>\n<\/div><\/div><\/div><\/div><\/div><div class=\"fusion-fullwidth fullwidth-box fusion-builder-row-4 fusion-flex-container nonhundred-percent-fullwidth non-hundred-percent-height-scrolling\" style=\"--awb-background-position:center top;--awb-border-sizes-top:1px;--awb-border-sizes-bottom:1px;--awb-border-sizes-left:0px;--awb-border-sizes-right:0px;--awb-border-color:#bdccad;--awb-border-radius-top-left:0px;--awb-border-radius-top-right:0px;--awb-border-radius-bottom-right:0px;--awb-border-radius-bottom-left:0px;--awb-padding-top:20px;--awb-padding-right:70px;--awb-padding-bottom:60px;--awb-padding-left:70px;--awb-margin-top:15px;--awb-margin-bottom:0px;--awb-background-color:#e1e8d9;--awb-flex-wrap:wrap;\" ><div class=\"fusion-builder-row fusion-row fusion-flex-align-items-flex-start fusion-flex-content-wrap\" style=\"max-width:1248px;margin-left: calc(-4% \/ 2 );margin-right: calc(-4% \/ 2 );\"><div class=\"fusion-layout-column fusion_builder_column fusion-builder-column-5 fusion_builder_column_1_1 1_1 fusion-flex-column\" style=\"--awb-bg-size:cover;--awb-width-large:100%;--awb-margin-top-large:15px;--awb-spacing-right-large:1.92%;--awb-margin-bottom-large:15px;--awb-spacing-left-large:1.92%;--awb-width-medium:100%;--awb-order-medium:0;--awb-spacing-right-medium:1.92%;--awb-spacing-left-medium:1.92%;--awb-width-small:100%;--awb-order-small:0;--awb-spacing-right-small:1.92%;--awb-spacing-left-small:1.92%;\"><div class=\"fusion-column-wrapper fusion-column-has-shadow fusion-flex-justify-content-flex-start fusion-content-layout-column\"><div class=\"fusion-text fusion-text-4 fusion-animated\" style=\"--awb-text-transform:none;--awb-text-font-family:&quot;Josefin Sans&quot;;--awb-text-font-style:normal;--awb-text-font-weight:500;\" data-animationType=\"bounceInLeft\" data-animationDuration=\"0.3\" data-animationOffset=\"top-into-view\"><h2 style=\"text-align: center;\">En totes les compres<\/h2>\n<\/div><div class=\"fusion-text fusion-text-5 fusion-text-no-margin\" style=\"--awb-text-transform:none;--awb-margin-top:0px;--awb-margin-bottom:10px;\"><p style=\"text-align: center;\">Tots els articles de <strong>Mar a m\u00e0<\/strong> es lliuren amb una acurada presentaci\u00f3 perqu\u00e8 puguis transformar la teva compra en un bonic obsequi. Cada joia es presenta en un sobre encoixinat, dins una capseta de cartr\u00f3 i, aquesta, dins una bosseta de cot\u00f3 reciclat amb la marca estampada a m\u00e0.<\/p>\n<p style=\"text-align: center;\">A m\u00e9s, s&#8217;inclou tamb\u00e9 una targeta de <strong>Mar a m\u00e0<\/strong> que incorpora llavors entre les fibres. Enterra-la en un test amb terra humida i, al cap d&#8217;uns dies&#8230;<\/p>\n<\/div><\/div><\/div><div class=\"fusion-layout-column fusion_builder_column fusion-builder-column-6 fusion_builder_column_1_6 1_6 fusion-flex-column\" style=\"--awb-bg-size:cover;--awb-width-large:16.666666666667%;--awb-margin-top-large:0px;--awb-spacing-right-large:11.52%;--awb-margin-bottom-large:0px;--awb-spacing-left-large:11.52%;--awb-width-medium:100%;--awb-order-medium:0;--awb-spacing-right-medium:1.92%;--awb-spacing-left-medium:1.92%;--awb-width-small:100%;--awb-order-small:0;--awb-spacing-right-small:1.92%;--awb-spacing-left-small:1.92%;\"><div class=\"fusion-column-wrapper fusion-column-has-shadow fusion-flex-justify-content-flex-start fusion-content-layout-column\"><\/div><\/div><div class=\"fusion-layout-column fusion_builder_column fusion-builder-column-7 fusion_builder_column_1_3 1_3 fusion-flex-column\" style=\"--awb-bg-size:cover;--awb-width-large:33.333333333333%;--awb-margin-top-large:0px;--awb-spacing-right-large:15px;--awb-margin-bottom-large:0px;--awb-spacing-left-large:0px;--awb-width-medium:100%;--awb-order-medium:0;--awb-spacing-right-medium:1.92%;--awb-spacing-left-medium:1.92%;--awb-width-small:100%;--awb-order-small:0;--awb-spacing-right-small:1.92%;--awb-spacing-left-small:1.92%;\"><div class=\"fusion-column-wrapper fusion-column-has-shadow fusion-flex-justify-content-flex-start fusion-content-layout-column\"><div class=\"fusion-image-element \" style=\"--awb-margin-top:0px;--awb-margin-bottom:0px;--awb-caption-title-font-family:var(--h2_typography-font-family);--awb-caption-title-font-weight:var(--h2_typography-font-weight);--awb-caption-title-font-style:var(--h2_typography-font-style);--awb-caption-title-size:var(--h2_typography-font-size);--awb-caption-title-transform:var(--h2_typography-text-transform);--awb-caption-title-line-height:var(--h2_typography-line-height);--awb-caption-title-letter-spacing:var(--h2_typography-letter-spacing);\"><span class=\" fusion-imageframe imageframe-dropshadow imageframe-3 hover-type-none\" style=\"border:12px solid #ffffff;border-radius:4px;-webkit-box-shadow: 3px 3px 7px rgba(0,0,0,0.3);box-shadow: 3px 3px 7px rgba(0,0,0,0.3);\"><a href=\"https:\/\/www.maramadesign.com\/WP\/wp-content\/uploads\/2021\/12\/foto08.jpg\" class=\"fusion-lightbox\" data-rel=\"iLightbox[lightbox]\" data-title=\"foto08\" title=\"foto08\"><img decoding=\"async\" width=\"917\" height=\"1002\" src=\"https:\/\/www.maramadesign.com\/WP\/wp-content\/uploads\/2021\/12\/foto08.jpg\" data-orig-src=\"https:\/\/www.maramadesign.com\/WP\/wp-content\/uploads\/2021\/12\/foto08.jpg\" alt class=\"lazyload img-responsive wp-image-22061\" srcset=\"data:image\/svg+xml,%3Csvg%20xmlns%3D%27http%3A%2F%2Fwww.w3.org%2F2000%2Fsvg%27%20width%3D%27917%27%20height%3D%271002%27%20viewBox%3D%270%200%20917%201002%27%3E%3Crect%20width%3D%27917%27%20height%3D%271002%27%20fill-opacity%3D%220%22%2F%3E%3C%2Fsvg%3E\" data-srcset=\"https:\/\/www.maramadesign.com\/WP\/wp-content\/uploads\/2021\/12\/foto08-200x219.jpg 200w, https:\/\/www.maramadesign.com\/WP\/wp-content\/uploads\/2021\/12\/foto08-400x437.jpg 400w, https:\/\/www.maramadesign.com\/WP\/wp-content\/uploads\/2021\/12\/foto08-600x656.jpg 600w, https:\/\/www.maramadesign.com\/WP\/wp-content\/uploads\/2021\/12\/foto08-800x874.jpg 800w, https:\/\/www.maramadesign.com\/WP\/wp-content\/uploads\/2021\/12\/foto08.jpg 917w\" data-sizes=\"auto\" data-orig-sizes=\"(max-width: 900px) 100vw, (max-width: 900px) 100vw, 400px\" \/><\/a><\/span><\/div><\/div><\/div><div class=\"fusion-layout-column fusion_builder_column fusion-builder-column-8 fusion_builder_column_1_3 1_3 fusion-flex-column\" style=\"--awb-bg-size:cover;--awb-width-large:33.333333333333%;--awb-margin-top-large:0px;--awb-spacing-right-large:0px;--awb-margin-bottom-large:0px;--awb-spacing-left-large:15px;--awb-width-medium:100%;--awb-order-medium:0;--awb-spacing-right-medium:1.92%;--awb-spacing-left-medium:1.92%;--awb-width-small:100%;--awb-order-small:0;--awb-spacing-right-small:1.92%;--awb-spacing-left-small:1.92%;\"><div class=\"fusion-column-wrapper fusion-column-has-shadow fusion-flex-justify-content-flex-start fusion-content-layout-column\"><div class=\"fusion-image-element \" style=\"--awb-margin-top:0px;--awb-margin-bottom:0px;--awb-caption-title-font-family:var(--h2_typography-font-family);--awb-caption-title-font-weight:var(--h2_typography-font-weight);--awb-caption-title-font-style:var(--h2_typography-font-style);--awb-caption-title-size:var(--h2_typography-font-size);--awb-caption-title-transform:var(--h2_typography-text-transform);--awb-caption-title-line-height:var(--h2_typography-line-height);--awb-caption-title-letter-spacing:var(--h2_typography-letter-spacing);\"><span class=\" fusion-imageframe imageframe-dropshadow imageframe-4 hover-type-none\" style=\"border:12px solid #ffffff;border-radius:4px;-webkit-box-shadow: 3px 3px 7px rgba(0,0,0,0.3);box-shadow: 3px 3px 7px rgba(0,0,0,0.3);\"><a href=\"https:\/\/www.maramadesign.com\/WP\/wp-content\/uploads\/2021\/12\/foto09.jpg\" class=\"fusion-lightbox\" data-rel=\"iLightbox[lightbox]\" data-title=\"foto09\" title=\"foto09\"><img decoding=\"async\" width=\"917\" height=\"1002\" src=\"https:\/\/www.maramadesign.com\/WP\/wp-content\/uploads\/2021\/12\/foto09.jpg\" data-orig-src=\"https:\/\/www.maramadesign.com\/WP\/wp-content\/uploads\/2021\/12\/foto09.jpg\" alt class=\"lazyload img-responsive wp-image-22064\" srcset=\"data:image\/svg+xml,%3Csvg%20xmlns%3D%27http%3A%2F%2Fwww.w3.org%2F2000%2Fsvg%27%20width%3D%27917%27%20height%3D%271002%27%20viewBox%3D%270%200%20917%201002%27%3E%3Crect%20width%3D%27917%27%20height%3D%271002%27%20fill-opacity%3D%220%22%2F%3E%3C%2Fsvg%3E\" data-srcset=\"https:\/\/www.maramadesign.com\/WP\/wp-content\/uploads\/2021\/12\/foto09-200x219.jpg 200w, https:\/\/www.maramadesign.com\/WP\/wp-content\/uploads\/2021\/12\/foto09-400x437.jpg 400w, https:\/\/www.maramadesign.com\/WP\/wp-content\/uploads\/2021\/12\/foto09-600x656.jpg 600w, https:\/\/www.maramadesign.com\/WP\/wp-content\/uploads\/2021\/12\/foto09-800x874.jpg 800w, https:\/\/www.maramadesign.com\/WP\/wp-content\/uploads\/2021\/12\/foto09.jpg 917w\" data-sizes=\"auto\" data-orig-sizes=\"(max-width: 900px) 100vw, (max-width: 900px) 100vw, 400px\" \/><\/a><\/span><\/div><\/div><\/div><div class=\"fusion-layout-column fusion_builder_column fusion-builder-column-9 fusion_builder_column_1_6 1_6 fusion-flex-column\" style=\"--awb-bg-size:cover;--awb-width-large:16.666666666667%;--awb-margin-top-large:0px;--awb-spacing-right-large:11.52%;--awb-margin-bottom-large:0px;--awb-spacing-left-large:11.52%;--awb-width-medium:100%;--awb-order-medium:0;--awb-spacing-right-medium:1.92%;--awb-spacing-left-medium:1.92%;--awb-width-small:100%;--awb-order-small:0;--awb-spacing-right-small:1.92%;--awb-spacing-left-small:1.92%;\"><div class=\"fusion-column-wrapper fusion-column-has-shadow fusion-flex-justify-content-flex-start fusion-content-layout-column\"><\/div><\/div><\/div><\/div><\/p>\n","protected":false},"excerpt":{"rendered":"","protected":false},"author":2,"featured_media":0,"parent":22184,"menu_order":2,"comment_status":"closed","ping_status":"closed","template":"100-width.php","meta":{"_seopress_robots_primary_cat":"","_seopress_titles_title":"","_seopress_titles_desc":"","_seopress_robots_index":"","footnotes":""},"_links":{"self":[{"href":"https:\/\/www.maramadesign.com\/ca\/wp-json\/wp\/v2\/pages\/22191"}],"collection":[{"href":"https:\/\/www.maramadesign.com\/ca\/wp-json\/wp\/v2\/pages"}],"about":[{"href":"https:\/\/www.maramadesign.com\/ca\/wp-json\/wp\/v2\/types\/page"}],"author":[{"embeddable":true,"href":"https:\/\/www.maramadesign.com\/ca\/wp-json\/wp\/v2\/users\/2"}],"replies":[{"embeddable":true,"href":"https:\/\/www.maramadesign.com\/ca\/wp-json\/wp\/v2\/comments?post=22191"}],"version-history":[{"count":2,"href":"https:\/\/www.maramadesign.com\/ca\/wp-json\/wp\/v2\/pages\/22191\/revisions"}],"predecessor-version":[{"id":22279,"href":"https:\/\/www.maramadesign.com\/ca\/wp-json\/wp\/v2\/pages\/22191\/revisions\/22279"}],"up":[{"embeddable":true,"href":"https:\/\/www.maramadesign.com\/ca\/wp-json\/wp\/v2\/pages\/22184"}],"wp:attachment":[{"href":"https:\/\/www.maramadesign.com\/ca\/wp-json\/wp\/v2\/media?parent=22191"}],"curies":[{"name":"wp","href":"https:\/\/api.w.org\/{rel}","templated":true}]}}