{"id":22450,"date":"2021-11-21T13:45:02","date_gmt":"2021-11-21T12:45:02","guid":{"rendered":"https:\/\/www.maramadesign.com\/las-joyas\/tienda-mar-a-ma\/sin%20categor\u00eda\/colgante-anilla-plata-y-amazonita-rectangular\/"},"modified":"2023-12-06T16:35:16","modified_gmt":"2023-12-06T15:35:16","slug":"colgante-anilla-plata-y-amazonita-rectangular","status":"publish","type":"product","link":"https:\/\/www.maramadesign.com\/en\/las-joyas\/tienda-mar-a-ma\/vida-eng\/colgante-anilla-plata-y-amazonita-rectangular\/","title":{"rendered":"Colgante Oc\u00e9ano"},"content":{"rendered":"","protected":false},"excerpt":{"rendered":"<p><strong>Colgante largo plata amazonita azul<\/strong><\/p>\n<ul>\n<li>ANILLA BA\u00d1O PLATA MATE<\/li>\n<li>CADENA LARGA DE LAT\u00d3N BA\u00d1ADA PLATA SIN N\u00cdQUEL NI PLOMO<\/li>\n<li>BOLITA Y RECT\u00c1NGULO MINERAL AMAZONITA<\/li>\n<li>CIERRE Y ANILLAS BASE PLATA<\/li>\n<\/ul>\n","protected":false},"featured_media":21753,"template":"","meta":{"_seopress_robots_primary_cat":"none","_seopress_titles_title":"","_seopress_titles_desc":"","_seopress_robots_index":""},"product_cat":[117],"product_tag":[214,214,319,319,386,386,301,301,302,302,354,354,385,385,305,305,320,320,321,321,246,246],"_links":{"self":[{"href":"https:\/\/www.maramadesign.com\/en\/wp-json\/wp\/v2\/product\/22450"}],"collection":[{"href":"https:\/\/www.maramadesign.com\/en\/wp-json\/wp\/v2\/product"}],"about":[{"href":"https:\/\/www.maramadesign.com\/en\/wp-json\/wp\/v2\/types\/product"}],"wp:featuredmedia":[{"embeddable":true,"href":"https:\/\/www.maramadesign.com\/en\/wp-json\/wp\/v2\/media\/21753"}],"wp:attachment":[{"href":"https:\/\/www.maramadesign.com\/en\/wp-json\/wp\/v2\/media?parent=22450"}],"wp:term":[{"taxonomy":"product_cat","embeddable":true,"href":"https:\/\/www.maramadesign.com\/en\/wp-json\/wp\/v2\/product_cat?post=22450"},{"taxonomy":"product_tag","embeddable":true,"href":"https:\/\/www.maramadesign.com\/en\/wp-json\/wp\/v2\/product_tag?post=22450"}],"curies":[{"name":"wp","href":"https:\/\/api.w.org\/{rel}","templated":true}]}}