{"id":22466,"date":"2021-11-21T12:50:19","date_gmt":"2021-11-21T11:50:19","guid":{"rendered":"https:\/\/www.maramadesign.com\/las-joyas\/tienda-mar-a-ma\/sin%20categor\u00eda\/mini-aro-con-bolita-agata-roja\/"},"modified":"2023-12-06T16:35:22","modified_gmt":"2023-12-06T15:35:22","slug":"mini-aro-con-bolita-agata-roja","status":"publish","type":"product","link":"https:\/\/www.maramadesign.com\/en\/las-joyas\/tienda-mar-a-ma\/vida-eng\/mini-aro-con-bolita-agata-roja\/","title":{"rendered":"Aro Vida mini"},"content":{"rendered":"","protected":false},"excerpt":{"rendered":"<p><strong>Mini aro con bolita \u00e1gata roja<\/strong><\/p>\n<ul>\n<li>ARO LAT\u00d3N BA\u00d1ADO EN ORO MATE<\/li>\n<li>CIERRE DE PRESI\u00d3N, 15 MM DE DI\u00c1METRO<\/li>\n<li>BOLITA MINERAL AGATA ROJA<\/li>\n<\/ul>\n<p>PROPIEDADES \u00c1GATA: PROPORCIONA FORTALEZA , PROTECTORA, ENERG\u00cdA VITAL Y EMOCIONAL,. ALIVIA MOLESTIAS DOLORES DE CABEZA Y OJOS EQUILIBRA NUESTRA ENERG\u00cdA.<\/p>\n","protected":false},"featured_media":21780,"template":"","meta":{"_seopress_robots_primary_cat":"","_seopress_titles_title":"","_seopress_titles_desc":"","_seopress_robots_index":""},"product_cat":[117],"product_tag":[213,213,319,319,300,300,303,303,304,304,385,385,305,305,235,235,307,307,331,331,308,308,403,403,246,246],"_links":{"self":[{"href":"https:\/\/www.maramadesign.com\/en\/wp-json\/wp\/v2\/product\/22466"}],"collection":[{"href":"https:\/\/www.maramadesign.com\/en\/wp-json\/wp\/v2\/product"}],"about":[{"href":"https:\/\/www.maramadesign.com\/en\/wp-json\/wp\/v2\/types\/product"}],"wp:featuredmedia":[{"embeddable":true,"href":"https:\/\/www.maramadesign.com\/en\/wp-json\/wp\/v2\/media\/21780"}],"wp:attachment":[{"href":"https:\/\/www.maramadesign.com\/en\/wp-json\/wp\/v2\/media?parent=22466"}],"wp:term":[{"taxonomy":"product_cat","embeddable":true,"href":"https:\/\/www.maramadesign.com\/en\/wp-json\/wp\/v2\/product_cat?post=22466"},{"taxonomy":"product_tag","embeddable":true,"href":"https:\/\/www.maramadesign.com\/en\/wp-json\/wp\/v2\/product_tag?post=22466"}],"curies":[{"name":"wp","href":"https:\/\/api.w.org\/{rel}","templated":true}]}}