{"id":20172,"date":"2021-11-15T19:26:49","date_gmt":"2021-11-15T18:26:49","guid":{"rendered":"https:\/\/www.maramadesign.com\/?page_id=20172"},"modified":"2022-01-07T20:39:06","modified_gmt":"2022-01-07T19:39:06","slug":"mar","status":"publish","type":"page","link":"https:\/\/www.maramadesign.com\/es\/el-taller\/mar\/","title":{"rendered":"Mar"},"content":{"rendered":"<p><div class=\"fusion-fullwidth fullwidth-box fusion-builder-row-1 fusion-flex-container fusion-parallax-none nonhundred-percent-fullwidth non-hundred-percent-height-scrolling lazyload\" style=\"--awb-background-position:right bottom;--awb-border-sizes-top:0px;--awb-border-sizes-bottom:0px;--awb-border-sizes-left:0px;--awb-border-sizes-right:0px;--awb-border-radius-top-left:0px;--awb-border-radius-top-right:0px;--awb-border-radius-bottom-right:0px;--awb-border-radius-bottom-left:0px;--awb-padding-top:110px;--awb-padding-bottom:105px;--awb-margin-top:-50px;--awb-margin-bottom:0px;--awb-background-size:cover;--awb-flex-wrap:wrap;\" data-bg=\"https:\/\/www.maramadesign.com\/WP\/wp-content\/uploads\/2021\/11\/capcalera07-scaled.jpg\" ><div class=\"fusion-builder-row fusion-row fusion-flex-align-items-flex-start fusion-flex-content-wrap\" style=\"max-width:1248px;margin-left: calc(-4% \/ 2 );margin-right: calc(-4% \/ 2 );\"><div class=\"fusion-layout-column fusion_builder_column fusion-builder-column-0 fusion_builder_column_1_1 1_1 fusion-flex-column fusion-flex-align-self-flex-start fusion-column-no-min-height\" style=\"--awb-bg-size:cover;--awb-width-large:100%;--awb-margin-top-large:0px;--awb-spacing-right-large:1.92%;--awb-margin-bottom-large:0px;--awb-spacing-left-large:1.92%;--awb-width-medium:100%;--awb-spacing-right-medium:1.92%;--awb-spacing-left-medium:1.92%;--awb-width-small:100%;--awb-spacing-right-small:1.92%;--awb-spacing-left-small:1.92%;\"><div class=\"fusion-column-wrapper fusion-flex-justify-content-flex-start fusion-content-layout-column\"><div class=\"fusion-title title fusion-title-1 fusion-title-center fusion-title-text fusion-title-size-one\" style=\"--awb-text-color:#ffffff;--awb-margin-bottom:10px;--awb-font-size:52px;\"><div class=\"title-sep-container title-sep-container-left\"><div class=\"title-sep sep- sep-solid\" style=\"border-color:#e0dede;\"><\/div><\/div><span class=\"awb-title-spacer\"><\/span><h1 class=\"fusion-title-heading title-heading-center fusion-responsive-typography-calculated\" style=\"margin:0;font-size:1em;--fontSize:52;line-height:1.23;text-shadow:7px 7px 5px rgba(0,0,0,0.5);\"><strong>Hola, soy Mar :)<\/strong><\/h1><span class=\"awb-title-spacer\"><\/span><div class=\"title-sep-container title-sep-container-right\"><div class=\"title-sep sep- sep-solid\" style=\"border-color:#e0dede;\"><\/div><\/div><\/div><div class=\"fusion-text fusion-text-1\" style=\"--awb-content-alignment:center;--awb-font-size:24px;--awb-line-height:30px;--awb-text-transform:none;--awb-text-color:#000000;--awb-text-font-family:&quot;Josefin Sans&quot;;\"><p>Imaginar, pensar, dibujar y crear mis joyas es un sue\u00f1o hecho realidad, pero cocido a fuego lento, paso a paso, con cari\u00f1o, como me identifico.<\/p>\n<\/div><\/div><\/div><\/div><\/div><div class=\"fusion-fullwidth fullwidth-box fusion-builder-row-2 fusion-flex-container nonhundred-percent-fullwidth non-hundred-percent-height-scrolling\" style=\"--awb-border-radius-top-left:0px;--awb-border-radius-top-right:0px;--awb-border-radius-bottom-right:0px;--awb-border-radius-bottom-left:0px;--awb-padding-right:10%;--awb-padding-left:10%;--awb-margin-top:-20px;--awb-flex-wrap:wrap;\" ><div class=\"fusion-builder-row fusion-row fusion-flex-align-items-flex-start fusion-flex-content-wrap\" style=\"max-width:calc( 1200px + 60px );margin-left: calc(-60px \/ 2 );margin-right: calc(-60px \/ 2 );\"><div class=\"fusion-layout-column fusion_builder_column fusion-builder-column-1 fusion_builder_column_3_4 3_4 fusion-flex-column\" style=\"--awb-bg-size:cover;--awb-width-large:75%;--awb-margin-top-large:0px;--awb-spacing-right-large:30px;--awb-margin-bottom-large:0px;--awb-spacing-left-large:30px;--awb-width-medium:100%;--awb-order-medium:0;--awb-spacing-right-medium:30px;--awb-spacing-left-medium:30px;--awb-width-small:100%;--awb-order-small:0;--awb-spacing-right-small:30px;--awb-spacing-left-small:30px;\"><div class=\"fusion-column-wrapper fusion-column-has-shadow fusion-flex-justify-content-flex-start fusion-content-layout-column\"><div class=\"fusion-text fusion-text-2\" style=\"--awb-text-transform:none;\"><p>Hola, soy Mar, la persona que est\u00e1 detr\u00e1s de la marca <strong>Mar a m\u00e0<\/strong>.<\/p>\n<p>Estudi\u00e9 en Barcelona dise\u00f1o de moda y al acabar empec\u00e9 a trabajar haciendo colecciones de accesorios para marcas. Despu\u00e9s de 20 a\u00f1os, empiezo una nueva etapa ilusionada con mi propia marca.<\/p>\n<p>Siempre me ha gustado el mar, los r\u00edos, los lagos, la vida que muestran y la que se esconden. Me encanta nadar, notar como se desliza el agua y te envuelve acarici\u00e1ndote.<\/p>\n<p>Amante de la monta\u00f1a, de la naturaleza y, por supuesto, de los animales. Desde peque\u00f1a disfruto observando los peque\u00f1os detalles que el paisaje natural nos ofrece.<span class=\"Apple-converted-space\">\u00a0<\/span><\/p>\n<\/div><\/div><\/div><div class=\"fusion-layout-column fusion_builder_column fusion-builder-column-2 fusion_builder_column_1_4 1_4 fusion-flex-column fusion-flex-align-self-flex-start\" style=\"--awb-bg-size:cover;--awb-width-large:25%;--awb-margin-top-large:0px;--awb-spacing-right-large:30px;--awb-margin-bottom-large:0px;--awb-spacing-left-large:30px;--awb-width-medium:100%;--awb-order-medium:0;--awb-spacing-right-medium:30px;--awb-spacing-left-medium:30px;--awb-width-small:100%;--awb-order-small:0;--awb-spacing-right-small:30px;--awb-spacing-left-small:30px;\"><div class=\"fusion-column-wrapper fusion-column-has-shadow fusion-flex-justify-content-flex-start fusion-content-layout-column\"><div class=\"fusion-image-element \" style=\"--awb-margin-top:8px;--awb-margin-bottom:8px;--awb-caption-title-font-family:var(--h2_typography-font-family);--awb-caption-title-font-weight:var(--h2_typography-font-weight);--awb-caption-title-font-style:var(--h2_typography-font-style);--awb-caption-title-size:var(--h2_typography-font-size);--awb-caption-title-transform:var(--h2_typography-text-transform);--awb-caption-title-line-height:var(--h2_typography-line-height);--awb-caption-title-letter-spacing:var(--h2_typography-letter-spacing);\"><span class=\" fusion-imageframe imageframe-dropshadow imageframe-1 hover-type-none\" style=\"border:12px solid #ffffff;border-radius:4px;-webkit-box-shadow: 3px 3px 7px rgba(0,0,0,0.3);box-shadow: 3px 3px 7px rgba(0,0,0,0.3);\"><a href=\"https:\/\/www.maramadesign.com\/WP\/wp-content\/uploads\/2021\/12\/foto07.jpg\" class=\"fusion-lightbox\" data-rel=\"iLightbox[lightbox]\" data-title=\"foto07\" title=\"foto07\"><img decoding=\"async\" width=\"917\" height=\"1002\" src=\"https:\/\/www.maramadesign.com\/WP\/wp-content\/uploads\/2021\/12\/foto07.jpg\" data-orig-src=\"https:\/\/www.maramadesign.com\/WP\/wp-content\/uploads\/2021\/12\/foto07.jpg\" alt class=\"lazyload img-responsive wp-image-22057\" srcset=\"data:image\/svg+xml,%3Csvg%20xmlns%3D%27http%3A%2F%2Fwww.w3.org%2F2000%2Fsvg%27%20width%3D%27917%27%20height%3D%271002%27%20viewBox%3D%270%200%20917%201002%27%3E%3Crect%20width%3D%27917%27%20height%3D%271002%27%20fill-opacity%3D%220%22%2F%3E%3C%2Fsvg%3E\" data-srcset=\"https:\/\/www.maramadesign.com\/WP\/wp-content\/uploads\/2021\/12\/foto07-200x219.jpg 200w, https:\/\/www.maramadesign.com\/WP\/wp-content\/uploads\/2021\/12\/foto07-400x437.jpg 400w, https:\/\/www.maramadesign.com\/WP\/wp-content\/uploads\/2021\/12\/foto07-600x656.jpg 600w, https:\/\/www.maramadesign.com\/WP\/wp-content\/uploads\/2021\/12\/foto07-800x874.jpg 800w, https:\/\/www.maramadesign.com\/WP\/wp-content\/uploads\/2021\/12\/foto07.jpg 917w\" data-sizes=\"auto\" data-orig-sizes=\"(max-width: 900px) 100vw, (max-width: 900px) 100vw, 400px\" \/><\/a><\/span><\/div><div class=\"fusion-image-element \" style=\"--awb-margin-top:8px;--awb-margin-bottom:8px;--awb-caption-title-font-family:var(--h2_typography-font-family);--awb-caption-title-font-weight:var(--h2_typography-font-weight);--awb-caption-title-font-style:var(--h2_typography-font-style);--awb-caption-title-size:var(--h2_typography-font-size);--awb-caption-title-transform:var(--h2_typography-text-transform);--awb-caption-title-line-height:var(--h2_typography-line-height);--awb-caption-title-letter-spacing:var(--h2_typography-letter-spacing);\"><span class=\" fusion-imageframe imageframe-dropshadow imageframe-2 hover-type-none\" style=\"border:12px solid #ffffff;border-radius:4px;-webkit-box-shadow: 3px 3px 7px rgba(0,0,0,0.3);box-shadow: 3px 3px 7px rgba(0,0,0,0.3);\"><a href=\"https:\/\/www.maramadesign.com\/WP\/wp-content\/uploads\/2021\/12\/foto05.jpg\" class=\"fusion-lightbox\" data-rel=\"iLightbox[lightbox]\" data-title=\"foto05\" title=\"foto05\"><img decoding=\"async\" width=\"917\" height=\"1002\" src=\"https:\/\/www.maramadesign.com\/WP\/wp-content\/uploads\/2021\/12\/foto05.jpg\" data-orig-src=\"https:\/\/www.maramadesign.com\/WP\/wp-content\/uploads\/2021\/12\/foto05.jpg\" alt class=\"lazyload img-responsive wp-image-22002\" srcset=\"data:image\/svg+xml,%3Csvg%20xmlns%3D%27http%3A%2F%2Fwww.w3.org%2F2000%2Fsvg%27%20width%3D%27917%27%20height%3D%271002%27%20viewBox%3D%270%200%20917%201002%27%3E%3Crect%20width%3D%27917%27%20height%3D%271002%27%20fill-opacity%3D%220%22%2F%3E%3C%2Fsvg%3E\" data-srcset=\"https:\/\/www.maramadesign.com\/WP\/wp-content\/uploads\/2021\/12\/foto05-200x219.jpg 200w, https:\/\/www.maramadesign.com\/WP\/wp-content\/uploads\/2021\/12\/foto05-400x437.jpg 400w, https:\/\/www.maramadesign.com\/WP\/wp-content\/uploads\/2021\/12\/foto05-600x656.jpg 600w, https:\/\/www.maramadesign.com\/WP\/wp-content\/uploads\/2021\/12\/foto05-800x874.jpg 800w, https:\/\/www.maramadesign.com\/WP\/wp-content\/uploads\/2021\/12\/foto05.jpg 917w\" data-sizes=\"auto\" data-orig-sizes=\"(max-width: 900px) 100vw, (max-width: 900px) 100vw, 400px\" \/><\/a><\/span><\/div><\/div><\/div><\/div><\/div><div class=\"fusion-fullwidth fullwidth-box fusion-builder-row-3 fusion-flex-container nonhundred-percent-fullwidth non-hundred-percent-height-scrolling\" style=\"--awb-border-radius-top-left:0px;--awb-border-radius-top-right:0px;--awb-border-radius-bottom-right:0px;--awb-border-radius-bottom-left:0px;--awb-margin-top:30px;--awb-flex-wrap:wrap;\" ><div class=\"fusion-builder-row fusion-row fusion-flex-align-items-flex-start fusion-flex-content-wrap\" style=\"max-width:calc( 1200px + 60px );margin-left: calc(-60px \/ 2 );margin-right: calc(-60px \/ 2 );\"><div class=\"fusion-layout-column fusion_builder_column fusion-builder-column-3 fusion_builder_column_1_4 1_4 fusion-flex-column fusion-flex-align-self-flex-start\" style=\"--awb-bg-size:cover;--awb-width-large:25%;--awb-margin-top-large:0px;--awb-spacing-right-large:30px;--awb-margin-bottom-large:0px;--awb-spacing-left-large:30px;--awb-width-medium:100%;--awb-order-medium:0;--awb-spacing-right-medium:30px;--awb-spacing-left-medium:30px;--awb-width-small:100%;--awb-order-small:0;--awb-spacing-right-small:30px;--awb-spacing-left-small:30px;\"><div class=\"fusion-column-wrapper fusion-column-has-shadow fusion-flex-justify-content-flex-start fusion-content-layout-column\"><div class=\"fusion-image-element \" style=\"--awb-margin-top:8px;--awb-margin-bottom:8px;--awb-caption-title-font-family:var(--h2_typography-font-family);--awb-caption-title-font-weight:var(--h2_typography-font-weight);--awb-caption-title-font-style:var(--h2_typography-font-style);--awb-caption-title-size:var(--h2_typography-font-size);--awb-caption-title-transform:var(--h2_typography-text-transform);--awb-caption-title-line-height:var(--h2_typography-line-height);--awb-caption-title-letter-spacing:var(--h2_typography-letter-spacing);\"><span class=\" fusion-imageframe imageframe-dropshadow imageframe-3 hover-type-none\" style=\"border:12px solid #ffffff;border-radius:4px;-webkit-box-shadow: 3px 3px 7px rgba(0,0,0,0.3);box-shadow: 3px 3px 7px rgba(0,0,0,0.3);\"><a href=\"https:\/\/www.maramadesign.com\/WP\/wp-content\/uploads\/2021\/12\/foto10.jpg\" class=\"fusion-lightbox\" data-rel=\"iLightbox[lightbox]\" data-title=\"foto10\" title=\"foto10\"><img decoding=\"async\" width=\"917\" height=\"1002\" src=\"https:\/\/www.maramadesign.com\/WP\/wp-content\/uploads\/2021\/12\/foto10.jpg\" data-orig-src=\"https:\/\/www.maramadesign.com\/WP\/wp-content\/uploads\/2021\/12\/foto10.jpg\" alt class=\"lazyload img-responsive wp-image-22066\" srcset=\"data:image\/svg+xml,%3Csvg%20xmlns%3D%27http%3A%2F%2Fwww.w3.org%2F2000%2Fsvg%27%20width%3D%27917%27%20height%3D%271002%27%20viewBox%3D%270%200%20917%201002%27%3E%3Crect%20width%3D%27917%27%20height%3D%271002%27%20fill-opacity%3D%220%22%2F%3E%3C%2Fsvg%3E\" data-srcset=\"https:\/\/www.maramadesign.com\/WP\/wp-content\/uploads\/2021\/12\/foto10-200x219.jpg 200w, https:\/\/www.maramadesign.com\/WP\/wp-content\/uploads\/2021\/12\/foto10-400x437.jpg 400w, https:\/\/www.maramadesign.com\/WP\/wp-content\/uploads\/2021\/12\/foto10-600x656.jpg 600w, https:\/\/www.maramadesign.com\/WP\/wp-content\/uploads\/2021\/12\/foto10-800x874.jpg 800w, https:\/\/www.maramadesign.com\/WP\/wp-content\/uploads\/2021\/12\/foto10.jpg 917w\" data-sizes=\"auto\" data-orig-sizes=\"(max-width: 900px) 100vw, (max-width: 900px) 100vw, 400px\" \/><\/a><\/span><\/div><div class=\"fusion-image-element \" style=\"--awb-margin-top:8px;--awb-margin-bottom:8px;--awb-caption-title-font-family:var(--h2_typography-font-family);--awb-caption-title-font-weight:var(--h2_typography-font-weight);--awb-caption-title-font-style:var(--h2_typography-font-style);--awb-caption-title-size:var(--h2_typography-font-size);--awb-caption-title-transform:var(--h2_typography-text-transform);--awb-caption-title-line-height:var(--h2_typography-line-height);--awb-caption-title-letter-spacing:var(--h2_typography-letter-spacing);\"><span class=\" fusion-imageframe imageframe-dropshadow imageframe-4 hover-type-none\" style=\"border:12px solid #ffffff;border-radius:4px;-webkit-box-shadow: 3px 3px 7px rgba(0,0,0,0.3);box-shadow: 3px 3px 7px rgba(0,0,0,0.3);\"><a href=\"https:\/\/www.maramadesign.com\/WP\/wp-content\/uploads\/2021\/12\/foto11.jpg\" class=\"fusion-lightbox\" data-rel=\"iLightbox[lightbox]\" data-title=\"foto11\" title=\"foto11\"><img decoding=\"async\" width=\"917\" height=\"1002\" src=\"https:\/\/www.maramadesign.com\/WP\/wp-content\/uploads\/2021\/12\/foto11.jpg\" data-orig-src=\"https:\/\/www.maramadesign.com\/WP\/wp-content\/uploads\/2021\/12\/foto11.jpg\" alt class=\"lazyload img-responsive wp-image-22069\" srcset=\"data:image\/svg+xml,%3Csvg%20xmlns%3D%27http%3A%2F%2Fwww.w3.org%2F2000%2Fsvg%27%20width%3D%27917%27%20height%3D%271002%27%20viewBox%3D%270%200%20917%201002%27%3E%3Crect%20width%3D%27917%27%20height%3D%271002%27%20fill-opacity%3D%220%22%2F%3E%3C%2Fsvg%3E\" data-srcset=\"https:\/\/www.maramadesign.com\/WP\/wp-content\/uploads\/2021\/12\/foto11-200x219.jpg 200w, https:\/\/www.maramadesign.com\/WP\/wp-content\/uploads\/2021\/12\/foto11-400x437.jpg 400w, https:\/\/www.maramadesign.com\/WP\/wp-content\/uploads\/2021\/12\/foto11-600x656.jpg 600w, https:\/\/www.maramadesign.com\/WP\/wp-content\/uploads\/2021\/12\/foto11-800x874.jpg 800w, https:\/\/www.maramadesign.com\/WP\/wp-content\/uploads\/2021\/12\/foto11.jpg 917w\" data-sizes=\"auto\" data-orig-sizes=\"(max-width: 900px) 100vw, (max-width: 900px) 100vw, 400px\" \/><\/a><\/span><\/div><\/div><\/div><div class=\"fusion-layout-column fusion_builder_column fusion-builder-column-4 fusion_builder_column_3_4 3_4 fusion-flex-column\" style=\"--awb-bg-size:cover;--awb-width-large:75%;--awb-margin-top-large:0px;--awb-spacing-right-large:30px;--awb-margin-bottom-large:0px;--awb-spacing-left-large:30px;--awb-width-medium:100%;--awb-order-medium:0;--awb-spacing-right-medium:30px;--awb-spacing-left-medium:30px;--awb-width-small:100%;--awb-order-small:0;--awb-spacing-right-small:30px;--awb-spacing-left-small:30px;\"><div class=\"fusion-column-wrapper fusion-column-has-shadow fusion-flex-justify-content-flex-start fusion-content-layout-column\"><div class=\"fusion-text fusion-text-3 fusion-text-no-margin\" style=\"--awb-text-transform:none;--awb-margin-top:0px;--awb-margin-bottom:0px;\"><p>Otra de mis grandes y recientes pasiones es el yoga. Hace 4 a\u00f1os<span class=\"Apple-converted-space\"> \u00a0<\/span>lo descubr\u00ed. Me ayuda a mirar dentro, a encontrar paz en cualquier momento en el que est\u00e9. Ahora no podr\u00eda vivir sin \u00e9l.<\/p>\n<p>En mi taller de Girona, el Empord\u00e0, dise\u00f1o, creo y monto las joyas. Tengo la suerte de contar desde hace muchos a\u00f1os con artesanos y empresas<span class=\"Apple-converted-space\">\u00a0 <\/span>peque\u00f1as y familiares que, como yo ,trabajamos en lo que nos gusta. De proximidad, una prioridad que cumplo siempre que puedo y que forma parte de una filosof\u00eda y conciencia del planeta.<\/p>\n<p><span class=\"Apple-converted-space\">\u00a0<\/span>Mi deseo principal es que cuando lleguen las joyas a vuestras manos, sint\u00e1is en ellas mi esencia y dedicaci\u00f3n.<\/p>\n<\/div><\/div><\/div><\/div><\/div><div class=\"fusion-fullwidth fullwidth-box fusion-builder-row-4 fusion-flex-container nonhundred-percent-fullwidth non-hundred-percent-height-scrolling\" style=\"--awb-border-radius-top-left:0px;--awb-border-radius-top-right:0px;--awb-border-radius-bottom-right:0px;--awb-border-radius-bottom-left:0px;--awb-padding-right:20%;--awb-padding-left:20%;--awb-margin-top:80px;--awb-margin-bottom:40px;--awb-flex-wrap:wrap;\" ><div class=\"fusion-builder-row fusion-row fusion-flex-align-items-flex-start fusion-flex-content-wrap\" style=\"max-width:1248px;margin-left: calc(-4% \/ 2 );margin-right: calc(-4% \/ 2 );\"><div class=\"fusion-layout-column fusion_builder_column fusion-builder-column-5 fusion_builder_column_1_2 1_2 fusion-flex-column\" style=\"--awb-bg-size:cover;--awb-width-large:50%;--awb-margin-top-large:0px;--awb-spacing-right-large:3.84%;--awb-margin-bottom-large:0px;--awb-spacing-left-large:3.84%;--awb-width-medium:100%;--awb-order-medium:0;--awb-spacing-right-medium:1.92%;--awb-spacing-left-medium:1.92%;--awb-width-small:100%;--awb-order-small:0;--awb-spacing-right-small:1.92%;--awb-spacing-left-small:1.92%;\"><div class=\"fusion-column-wrapper fusion-column-has-shadow fusion-flex-justify-content-flex-start fusion-content-layout-column\"><div class=\"fusion-image-element \" style=\"--awb-margin-top:8px;--awb-margin-bottom:8px;--awb-caption-title-font-family:var(--h2_typography-font-family);--awb-caption-title-font-weight:var(--h2_typography-font-weight);--awb-caption-title-font-style:var(--h2_typography-font-style);--awb-caption-title-size:var(--h2_typography-font-size);--awb-caption-title-transform:var(--h2_typography-text-transform);--awb-caption-title-line-height:var(--h2_typography-line-height);--awb-caption-title-letter-spacing:var(--h2_typography-letter-spacing);\"><span class=\" fusion-imageframe imageframe-dropshadow imageframe-5 hover-type-none\" style=\"border:12px solid #ffffff;border-radius:4px;-webkit-box-shadow: 3px 3px 7px rgba(0,0,0,0.3);box-shadow: 3px 3px 7px rgba(0,0,0,0.3);\"><a href=\"https:\/\/www.maramadesign.com\/WP\/wp-content\/uploads\/2021\/12\/foto03.jpg\" class=\"fusion-lightbox\" data-rel=\"iLightbox[lightbox]\" data-title=\"foto03\" title=\"foto03\"><img decoding=\"async\" width=\"917\" height=\"1002\" src=\"https:\/\/www.maramadesign.com\/WP\/wp-content\/uploads\/2021\/12\/foto03.jpg\" data-orig-src=\"https:\/\/www.maramadesign.com\/WP\/wp-content\/uploads\/2021\/12\/foto03.jpg\" alt class=\"lazyload img-responsive wp-image-21996\" srcset=\"data:image\/svg+xml,%3Csvg%20xmlns%3D%27http%3A%2F%2Fwww.w3.org%2F2000%2Fsvg%27%20width%3D%27917%27%20height%3D%271002%27%20viewBox%3D%270%200%20917%201002%27%3E%3Crect%20width%3D%27917%27%20height%3D%271002%27%20fill-opacity%3D%220%22%2F%3E%3C%2Fsvg%3E\" data-srcset=\"https:\/\/www.maramadesign.com\/WP\/wp-content\/uploads\/2021\/12\/foto03-200x219.jpg 200w, https:\/\/www.maramadesign.com\/WP\/wp-content\/uploads\/2021\/12\/foto03-400x437.jpg 400w, https:\/\/www.maramadesign.com\/WP\/wp-content\/uploads\/2021\/12\/foto03-600x656.jpg 600w, https:\/\/www.maramadesign.com\/WP\/wp-content\/uploads\/2021\/12\/foto03-800x874.jpg 800w, https:\/\/www.maramadesign.com\/WP\/wp-content\/uploads\/2021\/12\/foto03.jpg 917w\" data-sizes=\"auto\" data-orig-sizes=\"(max-width: 900px) 100vw, (max-width: 900px) 100vw, 600px\" \/><\/a><\/span><\/div><\/div><\/div><div class=\"fusion-layout-column fusion_builder_column fusion-builder-column-6 fusion_builder_column_1_2 1_2 fusion-flex-column fusion-flex-align-self-flex-start\" style=\"--awb-bg-size:cover;--awb-width-large:50%;--awb-margin-top-large:0px;--awb-spacing-right-large:3.84%;--awb-margin-bottom-large:0px;--awb-spacing-left-large:3.84%;--awb-width-medium:100%;--awb-order-medium:0;--awb-spacing-right-medium:1.92%;--awb-spacing-left-medium:1.92%;--awb-width-small:100%;--awb-order-small:0;--awb-spacing-right-small:1.92%;--awb-spacing-left-small:1.92%;\"><div class=\"fusion-column-wrapper fusion-column-has-shadow fusion-flex-justify-content-flex-start fusion-content-layout-column\"><div class=\"fusion-image-element \" style=\"--awb-margin-top:8px;--awb-margin-bottom:8px;--awb-caption-title-font-family:var(--h2_typography-font-family);--awb-caption-title-font-weight:var(--h2_typography-font-weight);--awb-caption-title-font-style:var(--h2_typography-font-style);--awb-caption-title-size:var(--h2_typography-font-size);--awb-caption-title-transform:var(--h2_typography-text-transform);--awb-caption-title-line-height:var(--h2_typography-line-height);--awb-caption-title-letter-spacing:var(--h2_typography-letter-spacing);\"><span class=\" fusion-imageframe imageframe-dropshadow imageframe-6 hover-type-none\" style=\"border:12px solid #ffffff;border-radius:4px;-webkit-box-shadow: 3px 3px 7px rgba(0,0,0,0.3);box-shadow: 3px 3px 7px rgba(0,0,0,0.3);\"><a href=\"https:\/\/www.maramadesign.com\/WP\/wp-content\/uploads\/2021\/12\/foto04.jpg\" class=\"fusion-lightbox\" data-rel=\"iLightbox[lightbox]\" data-title=\"foto04\" title=\"foto04\"><img decoding=\"async\" width=\"917\" height=\"1002\" src=\"https:\/\/www.maramadesign.com\/WP\/wp-content\/uploads\/2021\/12\/foto04.jpg\" data-orig-src=\"https:\/\/www.maramadesign.com\/WP\/wp-content\/uploads\/2021\/12\/foto04.jpg\" alt class=\"lazyload img-responsive wp-image-21999\" srcset=\"data:image\/svg+xml,%3Csvg%20xmlns%3D%27http%3A%2F%2Fwww.w3.org%2F2000%2Fsvg%27%20width%3D%27917%27%20height%3D%271002%27%20viewBox%3D%270%200%20917%201002%27%3E%3Crect%20width%3D%27917%27%20height%3D%271002%27%20fill-opacity%3D%220%22%2F%3E%3C%2Fsvg%3E\" data-srcset=\"https:\/\/www.maramadesign.com\/WP\/wp-content\/uploads\/2021\/12\/foto04-200x219.jpg 200w, https:\/\/www.maramadesign.com\/WP\/wp-content\/uploads\/2021\/12\/foto04-400x437.jpg 400w, https:\/\/www.maramadesign.com\/WP\/wp-content\/uploads\/2021\/12\/foto04-600x656.jpg 600w, https:\/\/www.maramadesign.com\/WP\/wp-content\/uploads\/2021\/12\/foto04-800x874.jpg 800w, https:\/\/www.maramadesign.com\/WP\/wp-content\/uploads\/2021\/12\/foto04.jpg 917w\" data-sizes=\"auto\" data-orig-sizes=\"(max-width: 900px) 100vw, (max-width: 900px) 100vw, 600px\" \/><\/a><\/span><\/div><\/div><\/div><\/div><\/div><\/p>\n","protected":false},"excerpt":{"rendered":"","protected":false},"author":2,"featured_media":0,"parent":20398,"menu_order":1,"comment_status":"closed","ping_status":"closed","template":"100-width.php","meta":{"_seopress_robots_primary_cat":"","_seopress_titles_title":"","_seopress_titles_desc":"","_seopress_robots_index":"","footnotes":""},"_links":{"self":[{"href":"https:\/\/www.maramadesign.com\/es\/wp-json\/wp\/v2\/pages\/20172"}],"collection":[{"href":"https:\/\/www.maramadesign.com\/es\/wp-json\/wp\/v2\/pages"}],"about":[{"href":"https:\/\/www.maramadesign.com\/es\/wp-json\/wp\/v2\/types\/page"}],"author":[{"embeddable":true,"href":"https:\/\/www.maramadesign.com\/es\/wp-json\/wp\/v2\/users\/2"}],"replies":[{"embeddable":true,"href":"https:\/\/www.maramadesign.com\/es\/wp-json\/wp\/v2\/comments?post=20172"}],"version-history":[{"count":2,"href":"https:\/\/www.maramadesign.com\/es\/wp-json\/wp\/v2\/pages\/20172\/revisions"}],"predecessor-version":[{"id":22255,"href":"https:\/\/www.maramadesign.com\/es\/wp-json\/wp\/v2\/pages\/20172\/revisions\/22255"}],"up":[{"embeddable":true,"href":"https:\/\/www.maramadesign.com\/es\/wp-json\/wp\/v2\/pages\/20398"}],"wp:attachment":[{"href":"https:\/\/www.maramadesign.com\/es\/wp-json\/wp\/v2\/media?parent=20172"}],"curies":[{"name":"wp","href":"https:\/\/api.w.org\/{rel}","templated":true}]}}