{"id":21011,"date":"2021-11-21T12:15:59","date_gmt":"2021-11-21T11:15:59","guid":{"rendered":"https:\/\/www.maramadesign.com\/?post_type=product&#038;p=21011"},"modified":"2023-12-06T16:35:24","modified_gmt":"2023-12-06T15:35:24","slug":"colgante-sol-oro","status":"publish","type":"product","link":"https:\/\/www.maramadesign.com\/es\/las-joyas\/tienda-mar-a-ma\/vida-esp\/colgante-sol-oro\/","title":{"rendered":"Colgante Sol"},"content":{"rendered":"","protected":false},"excerpt":{"rendered":"<p><strong>Colgante 24 cm. Oro.<\/strong><\/p>\n<ul>\n<li>SOL- BASE DE LAT\u00d3N BA\u00d1ADA EN ORO 18K 2 MICRAS<\/li>\n<li>CADENA- BASE LAT\u00d3N SIN N\u00cdQUEL NI PLOMO BA\u00d1ADA EN ORO CIERRE-<\/li>\n<li>BASES DE PLATA BA\u00d1ADA EN ORO<\/li>\n<li>ANILLAS- BASE PLATA BA\u00d1ADAS ORO<\/li>\n<\/ul>\n","protected":false},"featured_media":21697,"template":"","meta":{"_seopress_robots_primary_cat":"","_seopress_titles_title":"","_seopress_titles_desc":"","_seopress_robots_index":""},"product_cat":[31],"product_tag":[162,40,149,145,157,67,175],"_links":{"self":[{"href":"https:\/\/www.maramadesign.com\/es\/wp-json\/wp\/v2\/product\/21011"}],"collection":[{"href":"https:\/\/www.maramadesign.com\/es\/wp-json\/wp\/v2\/product"}],"about":[{"href":"https:\/\/www.maramadesign.com\/es\/wp-json\/wp\/v2\/types\/product"}],"wp:featuredmedia":[{"embeddable":true,"href":"https:\/\/www.maramadesign.com\/es\/wp-json\/wp\/v2\/media\/21697"}],"wp:attachment":[{"href":"https:\/\/www.maramadesign.com\/es\/wp-json\/wp\/v2\/media?parent=21011"}],"wp:term":[{"taxonomy":"product_cat","embeddable":true,"href":"https:\/\/www.maramadesign.com\/es\/wp-json\/wp\/v2\/product_cat?post=21011"},{"taxonomy":"product_tag","embeddable":true,"href":"https:\/\/www.maramadesign.com\/es\/wp-json\/wp\/v2\/product_tag?post=21011"}],"curies":[{"name":"wp","href":"https:\/\/api.w.org\/{rel}","templated":true}]}}