{"id":21122,"date":"2021-11-21T13:45:02","date_gmt":"2021-11-21T12:45:02","guid":{"rendered":"https:\/\/www.maramadesign.com\/?post_type=product&#038;p=21122"},"modified":"2023-12-06T16:35:16","modified_gmt":"2023-12-06T15:35:16","slug":"colgante-anilla-plata-y-amazonita-rectangular","status":"publish","type":"product","link":"https:\/\/www.maramadesign.com\/es\/las-joyas\/tienda-mar-a-ma\/vida-esp\/colgante-anilla-plata-y-amazonita-rectangular\/","title":{"rendered":"Colgante Oc\u00e9ano"},"content":{"rendered":"","protected":false},"excerpt":{"rendered":"<p><strong>Colgante largo plata amazonita azul<\/strong><\/p>\n<ul>\n<li>ANILLA BA\u00d1O PLATA MATE<\/li>\n<li>CADENA LARGA DE LAT\u00d3N BA\u00d1ADA PLATA SIN N\u00cdQUEL NI PLOMO<\/li>\n<li>BOLITA Y RECT\u00c1NGULO MINERAL AMAZONITA<\/li>\n<li>CIERRE Y ANILLAS BASE PLATA<\/li>\n<\/ul>\n","protected":false},"featured_media":21751,"template":"","meta":{"_seopress_robots_primary_cat":"none","_seopress_titles_title":"","_seopress_titles_desc":"","_seopress_robots_index":""},"product_cat":[31],"product_tag":[168,144,154,162,40,172,153,165,152,156,175],"_links":{"self":[{"href":"https:\/\/www.maramadesign.com\/es\/wp-json\/wp\/v2\/product\/21122"}],"collection":[{"href":"https:\/\/www.maramadesign.com\/es\/wp-json\/wp\/v2\/product"}],"about":[{"href":"https:\/\/www.maramadesign.com\/es\/wp-json\/wp\/v2\/types\/product"}],"wp:featuredmedia":[{"embeddable":true,"href":"https:\/\/www.maramadesign.com\/es\/wp-json\/wp\/v2\/media\/21751"}],"wp:attachment":[{"href":"https:\/\/www.maramadesign.com\/es\/wp-json\/wp\/v2\/media?parent=21122"}],"wp:term":[{"taxonomy":"product_cat","embeddable":true,"href":"https:\/\/www.maramadesign.com\/es\/wp-json\/wp\/v2\/product_cat?post=21122"},{"taxonomy":"product_tag","embeddable":true,"href":"https:\/\/www.maramadesign.com\/es\/wp-json\/wp\/v2\/product_tag?post=21122"}],"curies":[{"name":"wp","href":"https:\/\/api.w.org\/{rel}","templated":true}]}}