{"id":21826,"date":"2021-11-27T20:57:37","date_gmt":"2021-11-27T19:57:37","guid":{"rendered":"https:\/\/www.maramadesign.com\/?post_type=product&#038;p=21826"},"modified":"2023-12-06T16:35:07","modified_gmt":"2023-12-06T15:35:07","slug":"pendientes-arbol-oro","status":"publish","type":"product","link":"https:\/\/www.maramadesign.com\/es\/las-joyas\/tienda-mar-a-ma\/zen-esp\/pendientes-arbol-oro\/","title":{"rendered":"Pendientes \u00c1rbol"},"content":{"rendered":"","protected":false},"excerpt":{"rendered":"<p><strong>Ramita de \u00e1rbol movi\u00e9ndose por el viento<\/strong><\/p>\n<ul>\n<li>Aro de 26m base lat\u00f3n chapado en oro 18k<\/li>\n<li>Ramita oro mate<\/li>\n<\/ul>\n","protected":false},"featured_media":21490,"template":"","meta":{"_seopress_robots_primary_cat":"","_seopress_titles_title":"","_seopress_titles_desc":"","_seopress_robots_index":""},"product_cat":[49],"product_tag":[144,149,153,165,157,69,174],"_links":{"self":[{"href":"https:\/\/www.maramadesign.com\/es\/wp-json\/wp\/v2\/product\/21826"}],"collection":[{"href":"https:\/\/www.maramadesign.com\/es\/wp-json\/wp\/v2\/product"}],"about":[{"href":"https:\/\/www.maramadesign.com\/es\/wp-json\/wp\/v2\/types\/product"}],"wp:featuredmedia":[{"embeddable":true,"href":"https:\/\/www.maramadesign.com\/es\/wp-json\/wp\/v2\/media\/21490"}],"wp:attachment":[{"href":"https:\/\/www.maramadesign.com\/es\/wp-json\/wp\/v2\/media?parent=21826"}],"wp:term":[{"taxonomy":"product_cat","embeddable":true,"href":"https:\/\/www.maramadesign.com\/es\/wp-json\/wp\/v2\/product_cat?post=21826"},{"taxonomy":"product_tag","embeddable":true,"href":"https:\/\/www.maramadesign.com\/es\/wp-json\/wp\/v2\/product_tag?post=21826"}],"curies":[{"name":"wp","href":"https:\/\/api.w.org\/{rel}","templated":true}]}}