{"id":21843,"date":"2021-11-27T21:55:21","date_gmt":"2021-11-27T20:55:21","guid":{"rendered":"https:\/\/www.maramadesign.com\/?post_type=product&#038;p=21843"},"modified":"2023-12-06T16:34:50","modified_gmt":"2023-12-06T15:34:50","slug":"colgante-hoja-onix","status":"publish","type":"product","link":"https:\/\/www.maramadesign.com\/es\/las-joyas\/tienda-mar-a-ma\/zen-esp\/colgante-hoja-onix\/","title":{"rendered":"Colgante hoja"},"content":{"rendered":"","protected":false},"excerpt":{"rendered":"<p><strong>Colgante hoja oro mate corto con 3 bolitas \u00f3nix negro<\/strong><br \/>\n24 cm de punta a punta<\/p>\n<p>El \u00f3nix aporta fuerza, perseverancia y absorbe las energ\u00edas negativas transform\u00e1ndose en positivas.<\/p>\n","protected":false},"featured_media":21514,"template":"","meta":{"_seopress_robots_primary_cat":"","_seopress_titles_title":"","_seopress_titles_desc":"","_seopress_robots_index":""},"product_cat":[49],"product_tag":[164,162,40,149,155,161,165,163,176,179,157,159,174],"_links":{"self":[{"href":"https:\/\/www.maramadesign.com\/es\/wp-json\/wp\/v2\/product\/21843"}],"collection":[{"href":"https:\/\/www.maramadesign.com\/es\/wp-json\/wp\/v2\/product"}],"about":[{"href":"https:\/\/www.maramadesign.com\/es\/wp-json\/wp\/v2\/types\/product"}],"wp:featuredmedia":[{"embeddable":true,"href":"https:\/\/www.maramadesign.com\/es\/wp-json\/wp\/v2\/media\/21514"}],"wp:attachment":[{"href":"https:\/\/www.maramadesign.com\/es\/wp-json\/wp\/v2\/media?parent=21843"}],"wp:term":[{"taxonomy":"product_cat","embeddable":true,"href":"https:\/\/www.maramadesign.com\/es\/wp-json\/wp\/v2\/product_cat?post=21843"},{"taxonomy":"product_tag","embeddable":true,"href":"https:\/\/www.maramadesign.com\/es\/wp-json\/wp\/v2\/product_tag?post=21843"}],"curies":[{"name":"wp","href":"https:\/\/api.w.org\/{rel}","templated":true}]}}